{"id":365,"date":"2025-08-03T14:47:20","date_gmt":"2025-08-03T14:47:20","guid":{"rendered":"https:\/\/www.nurmalzeme.com\/?page_id=365"},"modified":"2026-03-31T10:14:06","modified_gmt":"2026-03-31T10:14:06","slug":"iletisim","status":"publish","type":"page","link":"https:\/\/www.nurmalzeme.com\/index.php\/iletisim\/","title":{"rendered":"\u0130leti\u015fim"},"content":{"rendered":"\t\t<div data-elementor-type=\"wp-page\" data-elementor-id=\"365\" class=\"elementor elementor-365\">\n\t\t\t\t<div class=\"elementor-element elementor-element-54d5b6e elementor-hidden-tablet elementor-hidden-mobile e-flex e-con-boxed e-con e-parent\" data-id=\"54d5b6e\" data-element_type=\"container\" data-e-type=\"container\" data-settings=\"{&quot;background_background&quot;:&quot;classic&quot;}\">\n\t\t\t\t\t<div class=\"e-con-inner\">\n\t\t\t\t<div class=\"elementor-element elementor-element-df81d78 elementor-widget elementor-widget-elementskit-heading\" data-id=\"df81d78\" data-element_type=\"widget\" data-e-type=\"widget\" data-widget_type=\"elementskit-heading.default\">\n\t\t\t\t\t<div class=\"ekit-wid-con\" ><div class=\"ekit-heading elementskit-section-title-wraper text_left   ekit_heading_tablet-   ekit_heading_mobile-\"><h1 class=\"ekit-heading--title elementskit-section-title \">ileti\u015fim<\/h1>\t\t\t\t<div class='ekit-heading__description'>\n\t\t\t\t\t<p>Sipari\u015f, teknik bilgi veya proje deste\u011fi taleplerinizde bizlere do\u011frudan ula\u015fabilirsiniz\u00a0<\/p>\n\t\t\t\t<\/div>\n\t\t\t<\/div><\/div>\t\t\t\t<\/div>\n\t\t\t\t\t<\/div>\n\t\t\t\t<\/div>\n\t\t<div class=\"elementor-element elementor-element-65a030f3 e-flex e-con-boxed e-con e-parent\" data-id=\"65a030f3\" data-element_type=\"container\" data-e-type=\"container\">\n\t\t\t\t\t<div class=\"e-con-inner\">\n\t\t<div class=\"elementor-element elementor-element-8b65525 e-con-full e-flex e-con e-child\" data-id=\"8b65525\" data-element_type=\"container\" data-e-type=\"container\">\n\t\t\t\t<div class=\"elementor-element elementor-element-95b4898 elementor-widget elementor-widget-elementskit-heading\" data-id=\"95b4898\" data-element_type=\"widget\" data-e-type=\"widget\" data-widget_type=\"elementskit-heading.default\">\n\t\t\t\t\t<div class=\"ekit-wid-con\" ><div class=\"ekit-heading elementskit-section-title-wraper center   ekit_heading_tablet-   ekit_heading_mobile-\"><h2 class=\"ekit-heading--title elementskit-section-title \">\u0130ster Formu Doldurun, \u0130sterseniz Yol Tarifi Al\u0131n<\/h2><div class=\"ekit_heading_separetor_wraper ekit_heading_elementskit-border-divider elementskit-style-long\"><div class=\"elementskit-border-divider elementskit-style-long\"><\/div><\/div><\/div><\/div>\t\t\t\t<\/div>\n\t\t\t\t<\/div>\n\t\t<div class=\"elementor-element elementor-element-6c4ea26b e-con-full e-flex e-con e-child\" data-id=\"6c4ea26b\" data-element_type=\"container\" data-e-type=\"container\">\n\t\t<div class=\"elementor-element elementor-element-75a15258 e-con-full e-flex e-con e-child\" data-id=\"75a15258\" data-element_type=\"container\" data-e-type=\"container\" data-settings=\"{&quot;background_background&quot;:&quot;classic&quot;}\">\n\t\t\t\t<div class=\"elementor-element elementor-element-cddcfe9 elementor-widget__width-initial elementor-widget elementor-widget-sina_contact_form\" data-id=\"cddcfe9\" data-element_type=\"widget\" data-e-type=\"widget\" data-widget_type=\"sina_contact_form.default\">\n\t\t\t\t<div class=\"elementor-widget-container\">\n\t\t\t\t\t\t\t<div class=\"sina-form\">\r\n\t\t\t<form class=\"sina-contact-form\"\r\n\t\t\tdata-uid=\"cddcfe9\"\r\n\t\t\tdata-from=\"MS_U5d5JL@nurmalzeme.com\"\r\n\t\t\tdata-inbox=\"ceafb3940e3df9b8efacc6c7376abfef\"\r\n\t\t\tdata-captcha=\"\">\r\n\t\t\t\t\t\t\t\t\t<div class=\"sina-contact-input\">\r\n\t<div class=\"sina-contact-input-half\">\r\n\t\t<input class=\"sina-input-field sina-input-block sina-input-name\" type=\"text\" placeholder=\"\u0130sim Soyisim\" >\r\n\t\t<input class=\"sina-input-field sina-input-block sina-input-email\" type=\"email\" placeholder=\"Mail Adresi\" >\r\n\t\t<input class=\"sina-input-field sina-input-block sina-input-subject\" type=\"text\" placeholder=\"Konu\" >\r\n\t<\/div>\r\n\t<div class=\"sina-contact-input-half\">\r\n\t\t<textarea class=\"sina-input-field sina-input-block sina-input-message\" placeholder=\"Mesaj\u0131n\u0131z.\"><\/textarea>\r\n\t<\/div>\r\n<\/div>\r\n<div class=\"sina-contact-input\">\r\n\t<!-- For Google Recaptcha -->\r\n\t\r\n\t<button type=\"submit\" class=\"sina-button sina-contact-btn sina-anim-zooming \">\r\n\t\t\t\tG\u00f6nder\t\t\t\t\t<i class=\"fa fa-send sina-icon-right\"><\/i>\r\n\t\t\t\t<\/button>\r\n<\/div>\t\t\t\t\r\n\t\t\t\t<p class=\"sina-success-text\">E-Posta Ba\u015far\u0131yla G\u00f6nderildi<\/p>\t\t\t\t<p class=\"sina-error-text\"><\/p>\r\n\t\t\t\t<p class=\"sina-process-text\">G\u00f6nderiliyor...<\/p>\r\n\r\n\t\t\t\t<input type=\"hidden\" id=\"sina_contact_noncecddcfe9\" name=\"sina_contact_noncecddcfe9\" value=\"46cb692305\" \/><input type=\"hidden\" name=\"_wp_http_referer\" value=\"\/index.php\/wp-json\/wp\/v2\/pages\/365\" \/>\t\t\t<\/form><!-- .sina-contact-form -->\r\n\t\t<\/div><!-- .sina-form -->\r\n\t\t\t\t\t\t<\/div>\n\t\t\t\t<\/div>\n\t\t\t\t<\/div>\n\t\t<div class=\"elementor-element elementor-element-4edf3f32 e-con-full e-flex e-con e-child\" data-id=\"4edf3f32\" data-element_type=\"container\" data-e-type=\"container\">\n\t\t\t\t<div class=\"elementor-element elementor-element-f4a6dbe elementor-widget elementor-widget-google_maps\" data-id=\"f4a6dbe\" data-element_type=\"widget\" data-e-type=\"widget\" data-widget_type=\"google_maps.default\">\n\t\t\t\t\t\t\t<div class=\"elementor-custom-embed\">\n\t\t\t<iframe loading=\"lazy\"\n\t\t\t\t\tsrc=\"https:\/\/maps.google.com\/maps?q=Cumhuriyet%2C%20698.%20Sk.%20No%203%2C%2007010%20Muratpa%C5%9Fa%2FAntalya&#038;t=m&#038;z=10&#038;output=embed&#038;iwloc=near\"\n\t\t\t\t\ttitle=\"Cumhuriyet, 698. Sk. No 3, 07010 Muratpa\u015fa\/Antalya\"\n\t\t\t\t\taria-label=\"Cumhuriyet, 698. Sk. No 3, 07010 Muratpa\u015fa\/Antalya\"\n\t\t\t><\/iframe>\n\t\t<\/div>\n\t\t\t\t\t\t<\/div>\n\t\t\t\t<\/div>\n\t\t\t\t<\/div>\n\t\t\t\t\t<\/div>\n\t\t\t\t<\/div>\n\t\t<div class=\"elementor-element elementor-element-5856e1fc e-grid e-con-boxed e-con e-parent\" data-id=\"5856e1fc\" data-element_type=\"container\" data-e-type=\"container\">\n\t\t\t\t\t<div class=\"e-con-inner\">\n\t\t<div class=\"elementor-element elementor-element-7966a7aa e-con-full elementor-hidden-tablet elementor-hidden-mobile e-flex e-con e-child\" data-id=\"7966a7aa\" data-element_type=\"container\" data-e-type=\"container\" data-settings=\"{&quot;background_background&quot;:&quot;classic&quot;}\">\n\t\t\t\t<div class=\"elementor-element elementor-element-66b7e6d8 ekit-equal-height-enable elementor-widget elementor-widget-elementskit-icon-box\" data-id=\"66b7e6d8\" data-element_type=\"widget\" data-e-type=\"widget\" data-widget_type=\"elementskit-icon-box.default\">\n\t\t\t\t\t<div class=\"ekit-wid-con\" >        <!-- link opening -->\n                <a href=\"https:\/\/www.hepsiburada.com\/magaza\/nur-malzeme\" target=\"_blank\" class=\"ekit_global_links\" rel=\"noopener\">\n                <!-- end link opening -->\n\n        <div class=\"elementskit-infobox text-center text- icon-top-align elementor-animation-   \">\n                    <div class=\"elementskit-box-header elementor-animation-\">\n                <div class=\"elementskit-info-box-icon  \">\n                    <svg aria-hidden=\"true\" class=\"elementkit-infobox-icon e-font-icon-svg e-fas-shipping-fast\" viewBox=\"0 0 640 512\" xmlns=\"http:\/\/www.w3.org\/2000\/svg\"><path d=\"M624 352h-16V243.9c0-12.7-5.1-24.9-14.1-33.9L494 110.1c-9-9-21.2-14.1-33.9-14.1H416V48c0-26.5-21.5-48-48-48H112C85.5 0 64 21.5 64 48v48H8c-4.4 0-8 3.6-8 8v16c0 4.4 3.6 8 8 8h272c4.4 0 8 3.6 8 8v16c0 4.4-3.6 8-8 8H40c-4.4 0-8 3.6-8 8v16c0 4.4 3.6 8 8 8h208c4.4 0 8 3.6 8 8v16c0 4.4-3.6 8-8 8H8c-4.4 0-8 3.6-8 8v16c0 4.4 3.6 8 8 8h208c4.4 0 8 3.6 8 8v16c0 4.4-3.6 8-8 8H64v128c0 53 43 96 96 96s96-43 96-96h128c0 53 43 96 96 96s96-43 96-96h48c8.8 0 16-7.2 16-16v-32c0-8.8-7.2-16-16-16zM160 464c-26.5 0-48-21.5-48-48s21.5-48 48-48 48 21.5 48 48-21.5 48-48 48zm320 0c-26.5 0-48-21.5-48-48s21.5-48 48-48 48 21.5 48 48-21.5 48-48 48zm80-208H416V144h44.1l99.9 99.9V256z\"><\/path><\/svg>\n                <\/div>\n          <\/div>\n                        <div class=\"box-body\">\n                            <h3 class=\"elementskit-info-box-title\">\n                    Hepsiburada Sayfam\u0131z                <\/h3>\n                                            <\/div>\n        \n        \n                <\/div>\n                <\/a>\n        <\/div>\t\t\t\t<\/div>\n\t\t\t\t<div class=\"elementor-element elementor-element-359ec470 elementor-view-default elementor-widget elementor-widget-icon\" data-id=\"359ec470\" data-element_type=\"widget\" data-e-type=\"widget\" data-widget_type=\"icon.default\">\n\t\t\t\t\t\t\t<div class=\"elementor-icon-wrapper\">\n\t\t\t<div class=\"elementor-icon\">\n\t\t\t<i aria-hidden=\"true\" class=\"icon icon-minus\"><\/i>\t\t\t<\/div>\n\t\t<\/div>\n\t\t\t\t\t\t<\/div>\n\t\t\t\t<div class=\"elementor-element elementor-element-0d22da7 elementor-align-center elementor-widget elementor-widget-elementskit-button\" data-id=\"0d22da7\" data-element_type=\"widget\" data-e-type=\"widget\" data-widget_type=\"elementskit-button.default\">\n\t\t\t\t\t<div class=\"ekit-wid-con\" >\t\t<div class=\"ekit-btn-wraper\">\n\t\t\t\t\t\t\t<a href=\"https:\/\/www.hepsiburada.com\/magaza\/nur-malzeme\" target=\"_blank\" class=\"elementskit-btn  whitespace--normal\" id=\"\" rel=\"noopener\">\n\t\t\t\t\thepsiburada.com\/nurmalzeme\t\t\t\t<\/a>\n\t\t\t\t\t<\/div>\n        <\/div>\t\t\t\t<\/div>\n\t\t\t\t<\/div>\n\t\t<div class=\"elementor-element elementor-element-4b615d0 e-con-full e-flex e-con e-child\" data-id=\"4b615d0\" data-element_type=\"container\" data-e-type=\"container\" data-settings=\"{&quot;background_background&quot;:&quot;classic&quot;}\">\n\t\t\t\t<div class=\"elementor-element elementor-element-560383f8 ekit-equal-height-disable elementor-widget elementor-widget-elementskit-icon-box\" data-id=\"560383f8\" data-element_type=\"widget\" data-e-type=\"widget\" data-widget_type=\"elementskit-icon-box.default\">\n\t\t\t\t\t<div class=\"ekit-wid-con\" >        <!-- link opening -->\n                <a href=\"#\" class=\"ekit_global_links\">\n                <!-- end link opening -->\n\n        <div class=\"elementskit-infobox text-center text- icon-top-align elementor-animation-   \">\n                    <div class=\"elementskit-box-header elementor-animation-\">\n                <div class=\"elementskit-info-box-icon  \">\n                    <i aria-hidden=\"true\" class=\"elementkit-infobox-icon icon icon-envelope3\"><\/i>\n                <\/div>\n          <\/div>\n                        <div class=\"box-body\">\n                            <h3 class=\"elementskit-info-box-title\">\n                    Mail Adresimiz                <\/h3>\n                                            <\/div>\n        \n        \n                <\/div>\n                <\/a>\n        <\/div>\t\t\t\t<\/div>\n\t\t\t\t<div class=\"elementor-element elementor-element-6a8e06d0 elementor-view-default elementor-widget elementor-widget-icon\" data-id=\"6a8e06d0\" data-element_type=\"widget\" data-e-type=\"widget\" data-widget_type=\"icon.default\">\n\t\t\t\t\t\t\t<div class=\"elementor-icon-wrapper\">\n\t\t\t<div class=\"elementor-icon\">\n\t\t\t<i aria-hidden=\"true\" class=\"icon icon-minus\"><\/i>\t\t\t<\/div>\n\t\t<\/div>\n\t\t\t\t\t\t<\/div>\n\t\t\t\t<div class=\"elementor-element elementor-element-41849e90 elementor-align-center elementor-widget elementor-widget-elementskit-button\" data-id=\"41849e90\" data-element_type=\"widget\" data-e-type=\"widget\" data-widget_type=\"elementskit-button.default\">\n\t\t\t\t\t<div class=\"ekit-wid-con\" >\t\t<div class=\"ekit-btn-wraper\">\n\t\t\t\t\t\t\t<a href=\"#\" class=\"elementskit-btn  whitespace--normal\" id=\"\">\n\t\t\t\t\tinfo@nurmalzeme.com\t\t\t\t<\/a>\n\t\t\t\t\t<\/div>\n        <\/div>\t\t\t\t<\/div>\n\t\t\t\t<\/div>\n\t\t<div class=\"elementor-element elementor-element-73c62133 e-con-full e-flex e-con e-child\" data-id=\"73c62133\" data-element_type=\"container\" data-e-type=\"container\" data-settings=\"{&quot;background_background&quot;:&quot;classic&quot;}\">\n\t\t\t\t<div class=\"elementor-element elementor-element-4115b43 ekit-equal-height-disable elementor-widget elementor-widget-elementskit-icon-box\" data-id=\"4115b43\" data-element_type=\"widget\" data-e-type=\"widget\" data-widget_type=\"elementskit-icon-box.default\">\n\t\t\t\t\t<div class=\"ekit-wid-con\" >        <!-- link opening -->\n                <!-- end link opening -->\n\n        <div class=\"elementskit-infobox text-center text- icon-top-align elementor-animation-   \">\n                    <div class=\"elementskit-box-header elementor-animation-\">\n                <div class=\"elementskit-info-box-icon  \">\n                    <i aria-hidden=\"true\" class=\"elementkit-infobox-icon icon icon-phone-call1\"><\/i>\n                <\/div>\n          <\/div>\n                        <div class=\"box-body\">\n                            <h3 class=\"elementskit-info-box-title\">\n                    Telefon Numaralar\u0131m\u0131z                <\/h3>\n                                            <\/div>\n        \n        \n                <\/div>\n        <\/div>\t\t\t\t<\/div>\n\t\t\t\t<div class=\"elementor-element elementor-element-54e044e2 elementor-view-default elementor-widget elementor-widget-icon\" data-id=\"54e044e2\" data-element_type=\"widget\" data-e-type=\"widget\" data-widget_type=\"icon.default\">\n\t\t\t\t\t\t\t<div class=\"elementor-icon-wrapper\">\n\t\t\t<div class=\"elementor-icon\">\n\t\t\t<i aria-hidden=\"true\" class=\"icon icon-minus\"><\/i>\t\t\t<\/div>\n\t\t<\/div>\n\t\t\t\t\t\t<\/div>\n\t\t\t\t<div class=\"elementor-element elementor-element-1a998de0 elementor-align-center elementor-widget elementor-widget-elementskit-button\" data-id=\"1a998de0\" data-element_type=\"widget\" data-e-type=\"widget\" data-widget_type=\"elementskit-button.default\">\n\t\t\t\t\t<div class=\"ekit-wid-con\" >\t\t<div class=\"ekit-btn-wraper\">\n\t\t\t\t\t\t\t<a href=\"#\" class=\"elementskit-btn  whitespace--normal\" id=\"\">\n\t\t\t\t\t+90 242 334 34 46\t\t\t\t<\/a>\n\t\t\t\t\t<\/div>\n        <\/div>\t\t\t\t<\/div>\n\t\t\t\t<div class=\"elementor-element elementor-element-56b2863 elementor-absolute elementor-align-center elementor-widget elementor-widget-elementskit-button\" data-id=\"56b2863\" data-element_type=\"widget\" data-e-type=\"widget\" data-settings=\"{&quot;_position&quot;:&quot;absolute&quot;}\" data-widget_type=\"elementskit-button.default\">\n\t\t\t\t\t<div class=\"ekit-wid-con\" >\t\t<div class=\"ekit-btn-wraper\">\n\t\t\t\t\t\t\t<a href=\"#\" class=\"elementskit-btn  whitespace--normal\" id=\"\">\n\t\t\t\t\t+90 545 548 01 75\t\t\t\t<\/a>\n\t\t\t\t\t<\/div>\n        <\/div>\t\t\t\t<\/div>\n\t\t\t\t<\/div>\n\t\t\t\t\t<\/div>\n\t\t\t\t<\/div>\n\t\t<div class=\"elementor-element elementor-element-94dcff0 e-flex e-con-boxed e-con e-parent\" data-id=\"94dcff0\" data-element_type=\"container\" data-e-type=\"container\" data-settings=\"{&quot;background_background&quot;:&quot;classic&quot;}\">\n\t\t\t\t\t<div class=\"e-con-inner\">\n\t\t\t\t<div class=\"elementor-element elementor-element-d21fe94 elementor-widget elementor-widget-elementskit-heading\" data-id=\"d21fe94\" data-element_type=\"widget\" data-e-type=\"widget\" data-widget_type=\"elementskit-heading.default\">\n\t\t\t\t\t<div class=\"ekit-wid-con\" ><div class=\"ekit-heading elementskit-section-title-wraper text_center   ekit_heading_tablet-   ekit_heading_mobile-\"><h2 class=\"ekit-heading--title elementskit-section-title \">Yaln\u0131zca Malzeme De\u011fil, G\u00fcven Sunuyoruz<\/h2>\t\t\t\t<div class='ekit-heading__description'>\n\t\t\t\t\t<p>\u00d6l\u00e7\u00fcye \u00f6zel \u00fcretim, y\u00fcksek stok ve do\u011fru malzeme ile i\u015finizi kolayla\u015ft\u0131r\u0131yor, zaman kaybettirmeden \u00e7\u00f6z\u00fcme ula\u015ft\u0131r\u0131yoruz.<\/p>\n\t\t\t\t<\/div>\n\t\t\t<\/div><\/div>\t\t\t\t<\/div>\n\t\t\t\t<div class=\"elementor-element elementor-element-0002888 elementor-align-center elementor-widget elementor-widget-elementskit-button\" data-id=\"0002888\" data-element_type=\"widget\" data-e-type=\"widget\" data-widget_type=\"elementskit-button.default\">\n\t\t\t\t\t<div class=\"ekit-wid-con\" >\t\t<div class=\"ekit-btn-wraper\">\n\t\t\t\t\t\t\t<a href=\"https:\/\/web.whatsapp.com\/send?phone=905455480175&#038;text=Merhaba%20teklif%20almak%20istiyorum.\" target=\"_blank\" class=\"elementskit-btn  whitespace--normal\" id=\"\" rel=\"noopener\">\n\t\t\t\t\tHEMEN TEKL\u0130F AL\t\t\t\t<\/a>\n\t\t\t\t\t<\/div>\n        <\/div>\t\t\t\t<\/div>\n\t\t\t\t\t<\/div>\n\t\t\t\t<\/div>\n\t\t\t\t<\/div>\n\t\t","protected":false},"excerpt":{"rendered":"<p>ileti\u015fim Sipari\u015f, teknik bilgi veya proje deste\u011fi taleplerinizde bizlere do\u011frudan ula\u015fabilirsiniz\u00a0 \u0130ster Formu Doldurun, \u0130sterseniz Yol Tarifi Al\u0131n G\u00f6nder E-Posta Ba\u015far\u0131yla G\u00f6nderildi G\u00f6nderiliyor&#8230; Hepsiburada Sayfam\u0131z hepsiburada.com\/nurmalzeme Mail Adresimiz info@nurmalzeme.com Telefon Numaralar\u0131m\u0131z +90 242 334 34 46 +90 545 548 01 75 Yaln\u0131zca Malzeme De\u011fil, G\u00fcven Sunuyoruz \u00d6l\u00e7\u00fcye \u00f6zel \u00fcretim, y\u00fcksek stok ve do\u011fru malzeme ile [&hellip;]<\/p>\n","protected":false},"author":1,"featured_media":0,"parent":0,"menu_order":0,"comment_status":"closed","ping_status":"closed","template":"elementor_header_footer","meta":{"_joinchat":[],"footnotes":""},"class_list":["post-365","page","type-page","status-publish","hentry"],"_links":{"self":[{"href":"https:\/\/www.nurmalzeme.com\/index.php\/wp-json\/wp\/v2\/pages\/365","targetHints":{"allow":["GET"]}}],"collection":[{"href":"https:\/\/www.nurmalzeme.com\/index.php\/wp-json\/wp\/v2\/pages"}],"about":[{"href":"https:\/\/www.nurmalzeme.com\/index.php\/wp-json\/wp\/v2\/types\/page"}],"author":[{"embeddable":true,"href":"https:\/\/www.nurmalzeme.com\/index.php\/wp-json\/wp\/v2\/users\/1"}],"replies":[{"embeddable":true,"href":"https:\/\/www.nurmalzeme.com\/index.php\/wp-json\/wp\/v2\/comments?post=365"}],"version-history":[{"count":160,"href":"https:\/\/www.nurmalzeme.com\/index.php\/wp-json\/wp\/v2\/pages\/365\/revisions"}],"predecessor-version":[{"id":2272,"href":"https:\/\/www.nurmalzeme.com\/index.php\/wp-json\/wp\/v2\/pages\/365\/revisions\/2272"}],"wp:attachment":[{"href":"https:\/\/www.nurmalzeme.com\/index.php\/wp-json\/wp\/v2\/media?parent=365"}],"curies":[{"name":"wp","href":"https:\/\/api.w.org\/{rel}","templated":true}]}}