{"id":426,"date":"2025-08-06T13:48:44","date_gmt":"2025-08-06T13:48:44","guid":{"rendered":"https:\/\/www.nurmalzeme.com\/?page_id=426"},"modified":"2026-02-25T06:40:26","modified_gmt":"2026-02-25T06:40:26","slug":"kapitone","status":"publish","type":"page","link":"https:\/\/www.nurmalzeme.com\/index.php\/kapitone\/","title":{"rendered":"Kapitone"},"content":{"rendered":"\t\t<div data-elementor-type=\"wp-page\" data-elementor-id=\"426\" class=\"elementor elementor-426\">\n\t\t\t\t<div class=\"elementor-element elementor-element-17e6fbe elementor-hidden-tablet elementor-hidden-mobile e-flex e-con-boxed e-con e-parent\" data-id=\"17e6fbe\" data-element_type=\"container\" data-e-type=\"container\" data-settings=\"{&quot;background_background&quot;:&quot;classic&quot;}\">\n\t\t\t\t\t<div class=\"e-con-inner\">\n\t\t\t\t<div class=\"elementor-element elementor-element-78b283e elementor-widget elementor-widget-elementskit-heading\" data-id=\"78b283e\" data-element_type=\"widget\" data-e-type=\"widget\" data-widget_type=\"elementskit-heading.default\">\n\t\t\t\t\t<div class=\"ekit-wid-con\" ><div class=\"ekit-heading elementskit-section-title-wraper text_left   ekit_heading_tablet-   ekit_heading_mobile-\"><h1 class=\"ekit-heading--title elementskit-section-title \">Kapitone \u00dcr\u00fcnleri<\/h1>\t\t\t\t<div class='ekit-heading__description'>\n\t\t\t\t\t<p>Farkl\u0131 desen ve diki\u015f se\u00e7enekleriyle haz\u0131rlad\u0131\u011f\u0131m\u0131z kapitone \u00fcr\u00fcnlerine g\u00f6z at\u0131n<\/p>\n\t\t\t\t<\/div>\n\t\t\t<\/div><\/div>\t\t\t\t<\/div>\n\t\t\t\t\t<\/div>\n\t\t\t\t<\/div>\n\t\t<div class=\"elementor-element elementor-element-dea5b0b e-flex e-con-boxed e-con e-parent\" data-id=\"dea5b0b\" data-element_type=\"container\" data-e-type=\"container\">\n\t\t\t\t\t<div class=\"e-con-inner\">\n\t\t\t\t<div class=\"elementor-element elementor-element-466631e elementor-widget elementor-widget-elementskit-heading\" data-id=\"466631e\" data-element_type=\"widget\" data-e-type=\"widget\" data-widget_type=\"elementskit-heading.default\">\n\t\t\t\t\t<div class=\"ekit-wid-con\" ><div class=\"ekit-heading elementskit-section-title-wraper center   ekit_heading_tablet-   ekit_heading_mobile-\"><h2 class=\"ekit-heading--title elementskit-section-title \">Kapitone Desen Se\u00e7eneklerimiz<\/h2><div class=\"ekit_heading_separetor_wraper ekit_heading_elementskit-border-divider ekit-dotted\"><div class=\"elementskit-border-divider ekit-dotted\"><\/div><\/div><\/div><\/div>\t\t\t\t<\/div>\n\t\t\t\t\t<\/div>\n\t\t\t\t<\/div>\n\t\t<div class=\"elementor-element elementor-element-1902f84 e-flex e-con-boxed e-con e-parent\" data-id=\"1902f84\" data-element_type=\"container\" data-e-type=\"container\">\n\t\t\t\t\t<div class=\"e-con-inner\">\n\t\t\t\t<div class=\"elementor-element elementor-element-b4bc305 elementor-arrows-position-inside elementor-pagination-position-outside elementor-widget elementor-widget-image-carousel\" data-id=\"b4bc305\" data-element_type=\"widget\" data-e-type=\"widget\" data-settings=\"{&quot;slides_to_show&quot;:&quot;1&quot;,&quot;autoplay_speed&quot;:3000,&quot;speed&quot;:1200,&quot;navigation&quot;:&quot;both&quot;,&quot;autoplay&quot;:&quot;yes&quot;,&quot;pause_on_hover&quot;:&quot;yes&quot;,&quot;pause_on_interaction&quot;:&quot;yes&quot;,&quot;infinite&quot;:&quot;yes&quot;,&quot;effect&quot;:&quot;slide&quot;}\" data-widget_type=\"image-carousel.default\">\n\t\t\t\t\t\t\t<div class=\"elementor-image-carousel-wrapper swiper\" role=\"region\" aria-roledescription=\"carousel\" aria-label=\"Resim D\u00f6ng\u00fcs\u00fc\" dir=\"ltr\">\n\t\t\t<div class=\"elementor-image-carousel swiper-wrapper\" aria-live=\"off\">\n\t\t\t\t\t\t\t\t<div class=\"swiper-slide\" role=\"group\" aria-roledescription=\"slide\" aria-label=\"1 \/ 20\"><figure class=\"swiper-slide-inner\"><img decoding=\"async\" class=\"swiper-slide-image\" src=\"https:\/\/www.nurmalzeme.com\/wp-content\/uploads\/2026\/02\/WEB-SITESI-KAPITONE-1.jpg\" alt=\"\u3164\" \/><\/figure><\/div><div class=\"swiper-slide\" role=\"group\" aria-roledescription=\"slide\" aria-label=\"2 \/ 20\"><figure class=\"swiper-slide-inner\"><img decoding=\"async\" class=\"swiper-slide-image\" src=\"https:\/\/www.nurmalzeme.com\/wp-content\/uploads\/2026\/02\/WEB-SITESI-KAPITONE-2.jpg\" alt=\"\u3164\" \/><\/figure><\/div><div class=\"swiper-slide\" role=\"group\" aria-roledescription=\"slide\" aria-label=\"3 \/ 20\"><figure class=\"swiper-slide-inner\"><img decoding=\"async\" class=\"swiper-slide-image\" src=\"https:\/\/www.nurmalzeme.com\/wp-content\/uploads\/2026\/02\/WEB-SITESI-KAPITONE-3.jpg\" alt=\"\u3164\" \/><\/figure><\/div><div class=\"swiper-slide\" role=\"group\" aria-roledescription=\"slide\" aria-label=\"4 \/ 20\"><figure class=\"swiper-slide-inner\"><img decoding=\"async\" class=\"swiper-slide-image\" src=\"https:\/\/www.nurmalzeme.com\/wp-content\/uploads\/2026\/02\/WEB-SITESI-KAPITONE-4.jpg\" alt=\"\u3164\" \/><\/figure><\/div><div class=\"swiper-slide\" role=\"group\" aria-roledescription=\"slide\" aria-label=\"5 \/ 20\"><figure class=\"swiper-slide-inner\"><img decoding=\"async\" class=\"swiper-slide-image\" src=\"https:\/\/www.nurmalzeme.com\/wp-content\/uploads\/2026\/02\/WEB-SITESI-KAPITONE-5.jpg\" alt=\"\u3164\" \/><\/figure><\/div><div class=\"swiper-slide\" role=\"group\" aria-roledescription=\"slide\" aria-label=\"6 \/ 20\"><figure class=\"swiper-slide-inner\"><img decoding=\"async\" class=\"swiper-slide-image\" src=\"https:\/\/www.nurmalzeme.com\/wp-content\/uploads\/2026\/02\/WEB-SITESI-KAPITONE-6.jpg\" alt=\"\u3164\" \/><\/figure><\/div><div class=\"swiper-slide\" role=\"group\" aria-roledescription=\"slide\" aria-label=\"7 \/ 20\"><figure class=\"swiper-slide-inner\"><img decoding=\"async\" class=\"swiper-slide-image\" src=\"https:\/\/www.nurmalzeme.com\/wp-content\/uploads\/2026\/02\/WEB-SITESI-KAPITONE-7.jpg\" alt=\"\u3164\" \/><\/figure><\/div><div class=\"swiper-slide\" role=\"group\" aria-roledescription=\"slide\" aria-label=\"8 \/ 20\"><figure class=\"swiper-slide-inner\"><img decoding=\"async\" class=\"swiper-slide-image\" src=\"https:\/\/www.nurmalzeme.com\/wp-content\/uploads\/2026\/02\/WEB-SITESI-KAPITONE-8.jpg\" alt=\"\u3164\" \/><\/figure><\/div><div class=\"swiper-slide\" role=\"group\" aria-roledescription=\"slide\" aria-label=\"9 \/ 20\"><figure class=\"swiper-slide-inner\"><img decoding=\"async\" class=\"swiper-slide-image\" src=\"https:\/\/www.nurmalzeme.com\/wp-content\/uploads\/2026\/02\/WEB-SITESI-KAPITONE-9.jpg\" alt=\"WEB S\u0130TES\u0130 KAP\u0130TONE 9\" \/><\/figure><\/div><div class=\"swiper-slide\" role=\"group\" aria-roledescription=\"slide\" aria-label=\"10 \/ 20\"><figure class=\"swiper-slide-inner\"><img decoding=\"async\" class=\"swiper-slide-image\" src=\"https:\/\/www.nurmalzeme.com\/wp-content\/uploads\/2026\/02\/WEB-SITESI-KAPITONE-10.jpg\" alt=\"WEB S\u0130TES\u0130 KAP\u0130TONE 10\" \/><\/figure><\/div><div class=\"swiper-slide\" role=\"group\" aria-roledescription=\"slide\" aria-label=\"11 \/ 20\"><figure class=\"swiper-slide-inner\"><img decoding=\"async\" class=\"swiper-slide-image\" src=\"https:\/\/www.nurmalzeme.com\/wp-content\/uploads\/2026\/02\/WEB-SITESI-KAPITONE-11.jpg\" alt=\"WEB S\u0130TES\u0130 KAP\u0130TONE 11\" \/><\/figure><\/div><div class=\"swiper-slide\" role=\"group\" aria-roledescription=\"slide\" aria-label=\"12 \/ 20\"><figure class=\"swiper-slide-inner\"><img decoding=\"async\" class=\"swiper-slide-image\" src=\"https:\/\/www.nurmalzeme.com\/wp-content\/uploads\/2026\/02\/WEB-SITESI-KAPITONE-12.jpg\" alt=\"WEB S\u0130TES\u0130 KAP\u0130TONE 12\" \/><\/figure><\/div><div class=\"swiper-slide\" role=\"group\" aria-roledescription=\"slide\" aria-label=\"13 \/ 20\"><figure class=\"swiper-slide-inner\"><img decoding=\"async\" class=\"swiper-slide-image\" src=\"https:\/\/www.nurmalzeme.com\/wp-content\/uploads\/2026\/02\/WEB-SITESI-KAPITONE-13.jpg\" alt=\"WEB S\u0130TES\u0130 KAP\u0130TONE 13\" \/><\/figure><\/div><div class=\"swiper-slide\" role=\"group\" aria-roledescription=\"slide\" aria-label=\"14 \/ 20\"><figure class=\"swiper-slide-inner\"><img decoding=\"async\" class=\"swiper-slide-image\" src=\"https:\/\/www.nurmalzeme.com\/wp-content\/uploads\/2026\/02\/WEB-SITESI-KAPITONE-14.jpg\" alt=\"WEB S\u0130TES\u0130 KAP\u0130TONE 14\" \/><\/figure><\/div><div class=\"swiper-slide\" role=\"group\" aria-roledescription=\"slide\" aria-label=\"15 \/ 20\"><figure class=\"swiper-slide-inner\"><img decoding=\"async\" class=\"swiper-slide-image\" src=\"https:\/\/www.nurmalzeme.com\/wp-content\/uploads\/2026\/02\/WEB-SITESI-KAPITONE-15.jpg\" alt=\"WEB S\u0130TES\u0130 KAP\u0130TONE 15\" \/><\/figure><\/div><div class=\"swiper-slide\" role=\"group\" aria-roledescription=\"slide\" aria-label=\"16 \/ 20\"><figure class=\"swiper-slide-inner\"><img decoding=\"async\" class=\"swiper-slide-image\" src=\"https:\/\/www.nurmalzeme.com\/wp-content\/uploads\/2026\/02\/WEB-SITESI-KAPITONE-16.jpg\" alt=\"WEB S\u0130TES\u0130 KAP\u0130TONE 16\" \/><\/figure><\/div><div class=\"swiper-slide\" role=\"group\" aria-roledescription=\"slide\" aria-label=\"17 \/ 20\"><figure class=\"swiper-slide-inner\"><img decoding=\"async\" class=\"swiper-slide-image\" src=\"https:\/\/www.nurmalzeme.com\/wp-content\/uploads\/2026\/02\/WEB-SITESI-KAPITONE-17.jpg\" alt=\"WEB S\u0130TES\u0130 KAP\u0130TONE 17\" \/><\/figure><\/div><div class=\"swiper-slide\" role=\"group\" aria-roledescription=\"slide\" aria-label=\"18 \/ 20\"><figure class=\"swiper-slide-inner\"><img decoding=\"async\" class=\"swiper-slide-image\" src=\"https:\/\/www.nurmalzeme.com\/wp-content\/uploads\/2026\/02\/WEB-SITESI-KAPITONE-18.jpg\" alt=\"WEB S\u0130TES\u0130 KAP\u0130TONE 18\" \/><\/figure><\/div><div class=\"swiper-slide\" role=\"group\" aria-roledescription=\"slide\" aria-label=\"19 \/ 20\"><figure class=\"swiper-slide-inner\"><img decoding=\"async\" class=\"swiper-slide-image\" src=\"https:\/\/www.nurmalzeme.com\/wp-content\/uploads\/2026\/02\/WEB-SITESI-KAPITONE-19.jpg\" alt=\"WEB S\u0130TES\u0130 KAP\u0130TONE 19\" \/><\/figure><\/div><div class=\"swiper-slide\" role=\"group\" aria-roledescription=\"slide\" aria-label=\"20 \/ 20\"><figure class=\"swiper-slide-inner\"><img decoding=\"async\" class=\"swiper-slide-image\" src=\"https:\/\/www.nurmalzeme.com\/wp-content\/uploads\/2026\/02\/WEB-SITESI-KAPITONE-20.jpg\" alt=\"WEB S\u0130TES\u0130 KAP\u0130TONE 20\" \/><\/figure><\/div>\t\t\t<\/div>\n\t\t\t\t\t\t\t\t\t\t\t\t<div class=\"elementor-swiper-button elementor-swiper-button-prev\" role=\"button\" tabindex=\"0\">\n\t\t\t\t\t\t<svg aria-hidden=\"true\" class=\"e-font-icon-svg e-eicon-chevron-left\" viewBox=\"0 0 1000 1000\" xmlns=\"http:\/\/www.w3.org\/2000\/svg\"><path d=\"M646 125C629 125 613 133 604 142L308 442C296 454 292 471 292 487 292 504 296 521 308 533L604 854C617 867 629 875 646 875 663 875 679 871 692 858 704 846 713 829 713 812 713 796 708 779 692 767L438 487 692 225C700 217 708 204 708 187 708 171 704 154 692 142 675 129 663 125 646 125Z\"><\/path><\/svg>\t\t\t\t\t<\/div>\n\t\t\t\t\t<div class=\"elementor-swiper-button elementor-swiper-button-next\" role=\"button\" tabindex=\"0\">\n\t\t\t\t\t\t<svg aria-hidden=\"true\" class=\"e-font-icon-svg e-eicon-chevron-right\" viewBox=\"0 0 1000 1000\" xmlns=\"http:\/\/www.w3.org\/2000\/svg\"><path d=\"M696 533C708 521 713 504 713 487 713 471 708 454 696 446L400 146C388 133 375 125 354 125 338 125 325 129 313 142 300 154 292 171 292 187 292 204 296 221 308 233L563 492 304 771C292 783 288 800 288 817 288 833 296 850 308 863 321 871 338 875 354 875 371 875 388 867 400 854L696 533Z\"><\/path><\/svg>\t\t\t\t\t<\/div>\n\t\t\t\t\n\t\t\t\t\t\t\t\t\t<div class=\"swiper-pagination\"><\/div>\n\t\t\t\t\t\t\t\t\t<\/div>\n\t\t\t\t\t\t<\/div>\n\t\t\t\t\t<\/div>\n\t\t\t\t<\/div>\n\t\t<div class=\"elementor-element elementor-element-491b6e3 e-flex e-con-boxed e-con e-parent\" data-id=\"491b6e3\" data-element_type=\"container\" data-e-type=\"container\" data-settings=\"{&quot;background_background&quot;:&quot;classic&quot;}\">\n\t\t\t\t\t<div class=\"e-con-inner\">\n\t\t\t\t<div class=\"elementor-element elementor-element-4a6aeb0 elementor-widget elementor-widget-elementskit-heading\" data-id=\"4a6aeb0\" data-element_type=\"widget\" data-e-type=\"widget\" data-widget_type=\"elementskit-heading.default\">\n\t\t\t\t\t<div class=\"ekit-wid-con\" ><div class=\"ekit-heading elementskit-section-title-wraper text_center   ekit_heading_tablet-   ekit_heading_mobile-\"><h2 class=\"ekit-heading--title elementskit-section-title \">ARADI\u011eINIZ DESEN\u0130 BULAMADINIZ MI?<\/h2>\t\t\t\t<div class='ekit-heading__description'>\n\t\t\t\t\t<p>\u0130htiyac\u0131n\u0131z olan desenler sayfam\u0131zda yer alm\u0131yorsa, bizimle ileti\u015fime ge\u00e7in. Geni\u015f tedarik a\u011f\u0131m\u0131z ve esnek \u00fcretim kabiliyetimizle size \u00f6zel \u00e7\u00f6z\u00fcmler sunabiliriz.<\/p>\n\t\t\t\t<\/div>\n\t\t\t<\/div><\/div>\t\t\t\t<\/div>\n\t\t\t\t<div class=\"elementor-element elementor-element-efc27dd elementor-align-center elementor-widget elementor-widget-elementskit-button\" data-id=\"efc27dd\" data-element_type=\"widget\" data-e-type=\"widget\" data-widget_type=\"elementskit-button.default\">\n\t\t\t\t\t<div class=\"ekit-wid-con\" >\t\t<div class=\"ekit-btn-wraper\">\n\t\t\t\t\t\t\t<a href=\"https:\/\/web.whatsapp.com\/send?phone=905455480175&#038;text=Merhaba%20Kapitone%20%C3%BCr%C3%BCnleriniz%20hakk%C4%B1nda%20bilgi%20almak%20istiyorum.\" target=\"_blank\" class=\"elementskit-btn  whitespace--normal\" id=\"\" rel=\"noopener\">\n\t\t\t\t\tB\u0130ZE HEMEN ULA\u015eIN\t\t\t\t<\/a>\n\t\t\t\t\t<\/div>\n        <\/div>\t\t\t\t<\/div>\n\t\t\t\t\t<\/div>\n\t\t\t\t<\/div>\n\t\t\t\t<\/div>\n\t\t","protected":false},"excerpt":{"rendered":"<p>Kapitone \u00dcr\u00fcnleri Farkl\u0131 desen ve diki\u015f se\u00e7enekleriyle haz\u0131rlad\u0131\u011f\u0131m\u0131z kapitone \u00fcr\u00fcnlerine g\u00f6z at\u0131n Kapitone Desen Se\u00e7eneklerimiz ARADI\u011eINIZ DESEN\u0130 BULAMADINIZ MI? \u0130htiyac\u0131n\u0131z olan desenler sayfam\u0131zda yer alm\u0131yorsa, bizimle ileti\u015fime ge\u00e7in. Geni\u015f tedarik a\u011f\u0131m\u0131z ve esnek \u00fcretim kabiliyetimizle size \u00f6zel \u00e7\u00f6z\u00fcmler sunabiliriz. B\u0130ZE HEMEN ULA\u015eIN<\/p>\n","protected":false},"author":1,"featured_media":0,"parent":0,"menu_order":0,"comment_status":"closed","ping_status":"closed","template":"elementor_header_footer","meta":{"_joinchat":[],"footnotes":""},"class_list":["post-426","page","type-page","status-publish","hentry"],"_links":{"self":[{"href":"https:\/\/www.nurmalzeme.com\/index.php\/wp-json\/wp\/v2\/pages\/426","targetHints":{"allow":["GET"]}}],"collection":[{"href":"https:\/\/www.nurmalzeme.com\/index.php\/wp-json\/wp\/v2\/pages"}],"about":[{"href":"https:\/\/www.nurmalzeme.com\/index.php\/wp-json\/wp\/v2\/types\/page"}],"author":[{"embeddable":true,"href":"https:\/\/www.nurmalzeme.com\/index.php\/wp-json\/wp\/v2\/users\/1"}],"replies":[{"embeddable":true,"href":"https:\/\/www.nurmalzeme.com\/index.php\/wp-json\/wp\/v2\/comments?post=426"}],"version-history":[{"count":49,"href":"https:\/\/www.nurmalzeme.com\/index.php\/wp-json\/wp\/v2\/pages\/426\/revisions"}],"predecessor-version":[{"id":2259,"href":"https:\/\/www.nurmalzeme.com\/index.php\/wp-json\/wp\/v2\/pages\/426\/revisions\/2259"}],"wp:attachment":[{"href":"https:\/\/www.nurmalzeme.com\/index.php\/wp-json\/wp\/v2\/media?parent=426"}],"curies":[{"name":"wp","href":"https:\/\/api.w.org\/{rel}","templated":true}]}}