{"id":1140,"date":"2025-08-22T03:34:02","date_gmt":"2025-08-22T03:34:02","guid":{"rendered":"https:\/\/www.nurmalzeme.com\/?post_type=product&#038;p=1140"},"modified":"2025-08-27T11:10:23","modified_gmt":"2025-08-27T11:10:23","slug":"serra-kavi-sert","status":"publish","type":"product","link":"https:\/\/www.nurmalzeme.com\/index.php\/product\/serra-kavi-sert\/","title":{"rendered":"SERRA KAV\u0130 &#8211; SERT"},"content":{"rendered":"<p>Serra Kavi Sert S\u00fcnger, y\u00fcksek yo\u011funluk ve sertlik s\u0131n\u0131f\u0131nda \u00fcretilen, <strong data-start=\"428\" data-end=\"489\">formunu uzun s\u00fcre koruyan ve y\u00fcksek darbe direncine sahip<\/strong> end\u00fcstriyel s\u00fcnger grubudur. Yap\u0131s\u0131 sayesinde hem mobilya hem yatak hem de izolasyon projelerinde g\u00fcvenilir bir ta\u015f\u0131y\u0131c\u0131 katman olarak g\u00f6rev al\u0131r. Uzun \u00f6m\u00fcrl\u00fc ve g\u00fc\u00e7l\u00fc yap\u0131s\u0131yla \u00f6zellikle dayan\u0131kl\u0131l\u0131\u011f\u0131n \u00f6n planda oldu\u011fu uygulamalarda tercih edilir.<\/p>\n","protected":false},"excerpt":{"rendered":"<p data-pm-slice=\"0 0 []\">Sert yap\u0131s\u0131yla uzun \u00f6m\u00fcrl\u00fc performans deneyimi<\/p>\n","protected":false},"featured_media":1250,"template":"","meta":{"_joinchat":{"view":"yes"}},"product_brand":[22],"product_cat":[21],"product_tag":[23],"class_list":{"0":"post-1140","1":"product","2":"type-product","3":"status-publish","4":"has-post-thumbnail","6":"product_brand-serra","7":"product_cat-sunger","8":"product_tag-sunger","10":"first","11":"instock","12":"shipping-taxable","13":"product-type-simple"},"_links":{"self":[{"href":"https:\/\/www.nurmalzeme.com\/index.php\/wp-json\/wp\/v2\/product\/1140","targetHints":{"allow":["GET"]}}],"collection":[{"href":"https:\/\/www.nurmalzeme.com\/index.php\/wp-json\/wp\/v2\/product"}],"about":[{"href":"https:\/\/www.nurmalzeme.com\/index.php\/wp-json\/wp\/v2\/types\/product"}],"wp:featuredmedia":[{"embeddable":true,"href":"https:\/\/www.nurmalzeme.com\/index.php\/wp-json\/wp\/v2\/media\/1250"}],"wp:attachment":[{"href":"https:\/\/www.nurmalzeme.com\/index.php\/wp-json\/wp\/v2\/media?parent=1140"}],"wp:term":[{"taxonomy":"product_brand","embeddable":true,"href":"https:\/\/www.nurmalzeme.com\/index.php\/wp-json\/wp\/v2\/product_brand?post=1140"},{"taxonomy":"product_cat","embeddable":true,"href":"https:\/\/www.nurmalzeme.com\/index.php\/wp-json\/wp\/v2\/product_cat?post=1140"},{"taxonomy":"product_tag","embeddable":true,"href":"https:\/\/www.nurmalzeme.com\/index.php\/wp-json\/wp\/v2\/product_tag?post=1140"}],"curies":[{"name":"wp","href":"https:\/\/api.w.org\/{rel}","templated":true}]}}